{"id":3330,"date":"2022-05-28T11:08:31","date_gmt":"2022-05-28T09:08:31","guid":{"rendered":"https:\/\/aasoo.de\/?post_type=product&#038;p=3330"},"modified":"2024-03-12T17:42:06","modified_gmt":"2024-03-12T16:42:06","slug":"a-32br","status":"publish","type":"product","link":"https:\/\/aasoo.de\/?product=a-32br","title":{"rendered":"A-32br"},"content":{"rendered":"","protected":false},"excerpt":{"rendered":"<p><strong><u>Herren Laptoptasche Leder Aktentasche Umh\u00e4ngtasche Handtasche f\u00fcr M\u00e4nner Business Tasche Notebook Tasche B\u00fcrotasche mit Schultergurt<\/u><\/strong><\/p>\n<p><strong>Classic Leder Unisex Tasche:<\/strong> Diese hochwertige, gro\u00dfe Brieftasche und Umh\u00e4ngetasche mit Laptopfach ist perfekt f\u00fcr den stilvollen Einsatz im B\u00fcro, als elegante Tasche oder Aktentasche f\u00fcr Arbeit und Studium geeignet.<\/p>\n<p><strong>Verwendung:<\/strong> Mit einem gro\u00dfen Fach auf der R\u00fcckseite und zwei kleinen F\u00e4chern auf der Vorderseite bietet diese stilvolle Tasche ausreichend Platz f\u00fcr Ihre t\u00e4glichen Besitzt\u00fcmer. Im Inneren verf\u00fcgt sie \u00fcber zwei separate F\u00e4cher, in denen Sie Ihren Laptop, Tablet, B\u00fccher und andere wichtige Dinge sicher transportieren k\u00f6nnen. Der abnehmbare Schultergurt erm\u00f6glicht es Ihnen, die Tasche auch als Umh\u00e4ngetasche zu verwenden. Die langlebigen Metallbeschl\u00e4ge, das dicke Innengewebe und das hochwertige Rindsleder sorgen f\u00fcr ein angenehmes Tragegef\u00fchl und eine lange Lebensdauer.<\/p>\n<p><strong>Original-Leder:<\/strong> Diese Tasche besteht aus hochwertigem, chromfrei gegerbtem Echtleder in Schwarz. Sie wurde unter nachhaltigen Umweltstandards hergestellt, was sie umweltvertr\u00e4glich und menschenfreundlich macht. Es wurden keine sch\u00e4dlichen Chemikalien verwendet.<\/p>\n<p><strong>Abmessungen und Pflege:<\/strong> Die Ma\u00dfe der Tasche betragen 44 cm L x 7 cm B x 33 cm H. Zur Reinigung empfiehlt sich ein Lederreiniger auf Wasserbasis. Bitte beladen Sie die Tasche nicht \u00fcber ihr Fassungsverm\u00f6gen hinaus.<\/p>\n","protected":false},"featured_media":4686,"comment_status":"open","ping_status":"closed","template":"","meta":[],"product_cat":[15],"product_tag":[],"_links":{"self":[{"href":"https:\/\/aasoo.de\/index.php?rest_route=\/wp\/v2\/product\/3330"}],"collection":[{"href":"https:\/\/aasoo.de\/index.php?rest_route=\/wp\/v2\/product"}],"about":[{"href":"https:\/\/aasoo.de\/index.php?rest_route=\/wp\/v2\/types\/product"}],"replies":[{"embeddable":true,"href":"https:\/\/aasoo.de\/index.php?rest_route=%2Fwp%2Fv2%2Fcomments&post=3330"}],"wp:featuredmedia":[{"embeddable":true,"href":"https:\/\/aasoo.de\/index.php?rest_route=\/wp\/v2\/media\/4686"}],"wp:attachment":[{"href":"https:\/\/aasoo.de\/index.php?rest_route=%2Fwp%2Fv2%2Fmedia&parent=3330"}],"wp:term":[{"taxonomy":"product_cat","embeddable":true,"href":"https:\/\/aasoo.de\/index.php?rest_route=%2Fwp%2Fv2%2Fproduct_cat&post=3330"},{"taxonomy":"product_tag","embeddable":true,"href":"https:\/\/aasoo.de\/index.php?rest_route=%2Fwp%2Fv2%2Fproduct_tag&post=3330"}],"curies":[{"name":"wp","href":"https:\/\/api.w.org\/{rel}","templated":true}]}}