{"id":3269,"date":"2022-05-28T09:46:25","date_gmt":"2022-05-28T07:46:25","guid":{"rendered":"https:\/\/aasoo.de\/?post_type=product&#038;p=3269"},"modified":"2024-03-12T17:34:18","modified_gmt":"2024-03-12T16:34:18","slug":"a-28bl","status":"publish","type":"product","link":"https:\/\/aasoo.de\/?product=a-28bl","title":{"rendered":"A-28bl"},"content":{"rendered":"","protected":false},"excerpt":{"rendered":"<p><strong><u>Klein Handy Umh\u00e4ngetasche Damen, Crossbody Schultertasche k\u00fcnstliche Leder, mit Kartenschlitz mit Schultergurt<\/u><\/strong><\/p>\n<p><strong>\u00a0<\/strong><\/p>\n<p><strong>Maximaler Komfort garantiert:<\/strong> Die A28 Tasche bietet eine vielf\u00e4ltige Farbauswahl, die verschiedene Optionen erm\u00f6glicht. Ihr zweifarbiges Design verleiht ihr eine r\u00e4umliche Optik und macht sie ideal f\u00fcr Partys, Eink\u00e4ufe und vor allem Reisen. Diese kleine Umh\u00e4ngetasche bietet Platz f\u00fcr alle Ihre t\u00e4glichen Notwendigkeiten. Erh\u00e4ltlich in den Farben Schwarz, Dunkelblau, Braun und Rot.<\/p>\n<p><strong>Anwendung:<\/strong> Das Hauptfach bietet ausreichend Platz f\u00fcr Ihr kleines Portemonnaie und Ihr Handy. Vorne verf\u00fcgt die Tasche \u00fcber ein kleines Kartenfach und einen Rei\u00dfverschluss. Auf der R\u00fcckseite befindet sich ebenfalls ein kleiner Rei\u00dfverschluss f\u00fcr Ihre Schl\u00fcssel. Dank ihres verstellbaren Schulterriemens aus echtem Leder eignet sich diese Tasche aufgrund ihrer Gr\u00f6\u00dfe und ihres geringen Gewichts ideal f\u00fcr lange und kurze Reisen.<\/p>\n<p><strong>Abmessungen und Pflege:<\/strong> Hergestellt unter nachhaltigen Umweltstandards, wodurch sie umweltvertr\u00e4glich und menschenfreundlich ist. Es wurden keine sch\u00e4dlichen Chemikalien wie Chrom oder andere verbotene Zusatzstoffe verwendet. Die Ma\u00dfe der Tasche betragen 23 cm L x 5 cm B x 16 cm H. Zur Reinigung empfiehlt sich ein Lederreiniger auf Wasserbasis. Bitte beladen Sie die Tasche nicht \u00fcber ihr Fassungsverm\u00f6gen hinaus<\/p>\n","protected":false},"featured_media":4799,"comment_status":"open","ping_status":"closed","template":"","meta":[],"product_cat":[1514,1516],"product_tag":[],"_links":{"self":[{"href":"https:\/\/aasoo.de\/index.php?rest_route=\/wp\/v2\/product\/3269"}],"collection":[{"href":"https:\/\/aasoo.de\/index.php?rest_route=\/wp\/v2\/product"}],"about":[{"href":"https:\/\/aasoo.de\/index.php?rest_route=\/wp\/v2\/types\/product"}],"replies":[{"embeddable":true,"href":"https:\/\/aasoo.de\/index.php?rest_route=%2Fwp%2Fv2%2Fcomments&post=3269"}],"wp:featuredmedia":[{"embeddable":true,"href":"https:\/\/aasoo.de\/index.php?rest_route=\/wp\/v2\/media\/4799"}],"wp:attachment":[{"href":"https:\/\/aasoo.de\/index.php?rest_route=%2Fwp%2Fv2%2Fmedia&parent=3269"}],"wp:term":[{"taxonomy":"product_cat","embeddable":true,"href":"https:\/\/aasoo.de\/index.php?rest_route=%2Fwp%2Fv2%2Fproduct_cat&post=3269"},{"taxonomy":"product_tag","embeddable":true,"href":"https:\/\/aasoo.de\/index.php?rest_route=%2Fwp%2Fv2%2Fproduct_tag&post=3269"}],"curies":[{"name":"wp","href":"https:\/\/api.w.org\/{rel}","templated":true}]}}