{"id":3189,"date":"2022-05-28T09:00:58","date_gmt":"2022-05-28T07:00:58","guid":{"rendered":"https:\/\/aasoo.de\/?post_type=product&#038;p=3189"},"modified":"2022-07-02T06:32:18","modified_gmt":"2022-07-02T04:32:18","slug":"a-24zr","status":"publish","type":"product","link":"https:\/\/aasoo.de\/?product=a-24zr","title":{"rendered":"A-24zr"},"content":{"rendered":"","protected":false},"excerpt":{"rendered":"<p style=\"text-align: justify;\"><strong>Produktion<\/strong>: Die Handtasche f\u00fcr Damen aus 100% Rindsleder wird von einem kleinen Familienbetrieb unter fairen Arbeitsbedingungen und nat\u00fcrlicher Produktion im Iran hergestellt. Sie ist handgefertigt und von unseren Designern entworfen. Diese hochwertige Handtasche wird Sie viele Jahre begleiten und Ihren Outfit versch\u00f6nern.<\/p>\n<p style=\"text-align: justify;\"><strong>Taschenstrukturen<\/strong>: Die Tasche wird oben mit einem gro\u00dfen Rei\u00dfverschluss geschlossen. Im Inneren gibt es eine Seitentasche mit Rei\u00dfverschluss f\u00fcr Ihr Wesentliches. die R\u00fcckseite ist einfaches Leder und die vordere Erscheinung der Tasche ist aus Krokodil Textur \u00a0Leder. Mode-Design ideal f\u00fcr Arbeit, Einkaufen, Reisen Partei und viele l\u00e4ssige Gelegenheiten.<\/p>\n<p style=\"text-align: justify;\"><strong>Abmessungen und Pflege: <\/strong>Die Ma\u00dfe der Tasche sind 31cm L x 7cm B x 27cm H. Zur Pflege mit einem Lederreiniger auf Wasserbasis reinigen. Lassen Sie keinen Staub darauf liegen und f\u00fcllen Sie sie nicht \u00fcber ihr Fassungsverm\u00f6gen hinaus.<\/p>\n<p style=\"text-align: justify;\"><strong>Zu guter Letzt, aber das Wichtigste: <\/strong>Trotz der Isolierung des Irans durch die meisten L\u00e4nder der Welt und seiner negativen Auswirkungen auf das Leben der einfachen Menschen, werden wir zweifellos und gerne erkl\u00e4ren, dass unsere Produkte von authentischen iranischen K\u00fcnstlern und aus hochwertigen und umweltfreundlichen Materialien hergestellt werden, die im Iran produziert werden. Die Qualit\u00e4t unserer Produkte hat die Bedeutung der Nationalit\u00e4t des Herstellers auf ein Minimum reduziert&#8230;<\/p>\n","protected":false},"featured_media":4739,"comment_status":"open","ping_status":"closed","template":"","meta":[],"product_cat":[1514,1516],"product_tag":[],"_links":{"self":[{"href":"https:\/\/aasoo.de\/index.php?rest_route=\/wp\/v2\/product\/3189"}],"collection":[{"href":"https:\/\/aasoo.de\/index.php?rest_route=\/wp\/v2\/product"}],"about":[{"href":"https:\/\/aasoo.de\/index.php?rest_route=\/wp\/v2\/types\/product"}],"replies":[{"embeddable":true,"href":"https:\/\/aasoo.de\/index.php?rest_route=%2Fwp%2Fv2%2Fcomments&post=3189"}],"wp:featuredmedia":[{"embeddable":true,"href":"https:\/\/aasoo.de\/index.php?rest_route=\/wp\/v2\/media\/4739"}],"wp:attachment":[{"href":"https:\/\/aasoo.de\/index.php?rest_route=%2Fwp%2Fv2%2Fmedia&parent=3189"}],"wp:term":[{"taxonomy":"product_cat","embeddable":true,"href":"https:\/\/aasoo.de\/index.php?rest_route=%2Fwp%2Fv2%2Fproduct_cat&post=3189"},{"taxonomy":"product_tag","embeddable":true,"href":"https:\/\/aasoo.de\/index.php?rest_route=%2Fwp%2Fv2%2Fproduct_tag&post=3189"}],"curies":[{"name":"wp","href":"https:\/\/api.w.org\/{rel}","templated":true}]}}